{"id":842,"date":"2021-03-08T12:57:35","date_gmt":"2021-03-08T12:57:35","guid":{"rendered":"https:\/\/www.abiko.com\/?post_type=product&#038;p=842"},"modified":"2021-03-25T13:11:44","modified_gmt":"2021-03-25T13:11:44","slug":"amsc240","status":"publish","type":"product","link":"https:\/\/www.abiko.com\/sv\/produkt\/amsc240\/","title":{"rendered":"AMSC240"},"content":{"rendered":"<p>ABIKO skruvskarvar, f\u00f6r l\u00e5g- och mellansp\u00e4nning.<\/p>\n<p>Arbetsomr\u00e5de f\u00f6r AMSC240 \u00e4r:<\/p>\n<ul>\n<li>70 mm \u00b2 \u2013 240 mm\u00b2 rund ledare<\/li>\n<li>70 mm\u00b2 \u2013 150 mm\u00b2 sektorformad ledare<\/li>\n<\/ul>","protected":false},"excerpt":{"rendered":"<p>ABIKO sharebolt connectors can be used for low- and medium voltage. The specific range for AMSC240 is: 70 mm \u00b2 &#8211; 240 mm\u00b2 with a round conductor 70 mm\u00b2 &#8211; 150 mm\u00b2 with a sector shaped conductor<\/p>","protected":false},"featured_media":845,"template":"","meta":[],"product_brand":[],"product_cat":[65],"product_tag":[],"class_list":{"0":"post-842","1":"product","2":"type-product","3":"status-publish","4":"has-post-thumbnail","6":"product_cat-shearbolt-connectors","8":"first","9":"instock","10":"featured","11":"shipping-taxable","12":"product-type-simple","13":"berocket_lgv_grid","14":"berocket_lgv_list_grid"},"_links":{"self":[{"href":"https:\/\/www.abiko.com\/sv\/wp-json\/wp\/v2\/product\/842","targetHints":{"allow":["GET"]}}],"collection":[{"href":"https:\/\/www.abiko.com\/sv\/wp-json\/wp\/v2\/product"}],"about":[{"href":"https:\/\/www.abiko.com\/sv\/wp-json\/wp\/v2\/types\/product"}],"wp:featuredmedia":[{"embeddable":true,"href":"https:\/\/www.abiko.com\/sv\/wp-json\/wp\/v2\/media\/845"}],"wp:attachment":[{"href":"https:\/\/www.abiko.com\/sv\/wp-json\/wp\/v2\/media?parent=842"}],"wp:term":[{"taxonomy":"product_brand","embeddable":true,"href":"https:\/\/www.abiko.com\/sv\/wp-json\/wp\/v2\/product_brand?post=842"},{"taxonomy":"product_cat","embeddable":true,"href":"https:\/\/www.abiko.com\/sv\/wp-json\/wp\/v2\/product_cat?post=842"},{"taxonomy":"product_tag","embeddable":true,"href":"https:\/\/www.abiko.com\/sv\/wp-json\/wp\/v2\/product_tag?post=842"}],"curies":[{"name":"wp","href":"https:\/\/api.w.org\/{rel}","templated":true}]}}