{"id":815,"date":"2021-03-08T12:53:41","date_gmt":"2021-03-08T12:53:41","guid":{"rendered":"https:\/\/www.abiko.com\/?post_type=product&#038;p=815"},"modified":"2021-03-08T12:53:41","modified_gmt":"2021-03-08T12:53:41","slug":"amsc95","status":"publish","type":"product","link":"https:\/\/www.abiko.com\/sv\/produkt\/amsc95\/","title":{"rendered":"AMSC95"},"content":{"rendered":"<p>ABIKO skruvskarvar, f\u00f6r l\u00e5g- och mellansp\u00e4nning.<\/p>\n<p>Arbetsomr\u00e5de f\u00f6r AMSC95 \u00e4r:<\/p>\n<ul>\n<li>\u00a016 mm\u00b2 \u2013 95 mm\u00b2 rund ledare<\/li>\n<li>16 mm\u00b2 \u2013 15 mm\u00b2 sektorformad ledare<\/li>\n<\/ul>","protected":false},"excerpt":{"rendered":"<p>ABIKO sharebolt connectors can be used for low- and medium voltage. The specific range for AMSC95 is: \u00a016 mm\u00b2 &#8211; 95 mm\u00b2 with a round conductor 16 mm\u00b2 &#8211; 15 mm\u00b2 with a sector shaped conductor<\/p>","protected":false},"featured_media":821,"template":"","meta":[],"product_brand":[],"product_cat":[65],"product_tag":[],"class_list":{"0":"post-815","1":"product","2":"type-product","3":"status-publish","4":"has-post-thumbnail","6":"product_cat-shearbolt-connectors","8":"first","9":"instock","10":"shipping-taxable","11":"product-type-simple","12":"berocket_lgv_grid","13":"berocket_lgv_list_grid"},"_links":{"self":[{"href":"https:\/\/www.abiko.com\/sv\/wp-json\/wp\/v2\/product\/815","targetHints":{"allow":["GET"]}}],"collection":[{"href":"https:\/\/www.abiko.com\/sv\/wp-json\/wp\/v2\/product"}],"about":[{"href":"https:\/\/www.abiko.com\/sv\/wp-json\/wp\/v2\/types\/product"}],"wp:featuredmedia":[{"embeddable":true,"href":"https:\/\/www.abiko.com\/sv\/wp-json\/wp\/v2\/media\/821"}],"wp:attachment":[{"href":"https:\/\/www.abiko.com\/sv\/wp-json\/wp\/v2\/media?parent=815"}],"wp:term":[{"taxonomy":"product_brand","embeddable":true,"href":"https:\/\/www.abiko.com\/sv\/wp-json\/wp\/v2\/product_brand?post=815"},{"taxonomy":"product_cat","embeddable":true,"href":"https:\/\/www.abiko.com\/sv\/wp-json\/wp\/v2\/product_cat?post=815"},{"taxonomy":"product_tag","embeddable":true,"href":"https:\/\/www.abiko.com\/sv\/wp-json\/wp\/v2\/product_tag?post=815"}],"curies":[{"name":"wp","href":"https:\/\/api.w.org\/{rel}","templated":true}]}}