{"id":743,"date":"2021-03-08T10:17:56","date_gmt":"2021-03-08T10:17:56","guid":{"rendered":"https:\/\/www.abiko.com\/?post_type=product&#038;p=743"},"modified":"2021-03-08T10:17:56","modified_gmt":"2021-03-08T10:17:56","slug":"amsc16","status":"publish","type":"product","link":"https:\/\/www.abiko.com\/sv\/produkt\/amsc16\/","title":{"rendered":"AMSC16"},"content":{"rendered":"<p>ABIKO skruvskarvar, f\u00f6r l\u00e5g- och mellansp\u00e4nning.<\/p>\n<p>Arbetsomr\u00e5de f\u00f6r AMSC16 \u00e4r:<\/p>\n<ul>\n<li>\u00a01,5 mm \u00b2 \u2013 10 mm\u00b2 f\u00f6r solid ledare<\/li>\n<li>10 mm\u00b2 \u2013 16 mm\u00b2 f\u00f6r f\u00e5tr\u00e5dig ledare<\/li>\n<\/ul>","protected":false},"excerpt":{"rendered":"<p>7320-200000<\/p>","protected":false},"featured_media":746,"template":"","meta":[],"product_brand":[],"product_cat":[65],"product_tag":[77,80,83,74],"class_list":{"0":"post-743","1":"product","2":"type-product","3":"status-publish","4":"has-post-thumbnail","6":"product_cat-shearbolt-connectors","7":"product_tag-connector","8":"product_tag-screw","9":"product_tag-screw-connector","10":"product_tag-sharebolt","12":"first","13":"instock","14":"shipping-taxable","15":"product-type-simple","16":"berocket_lgv_grid","17":"berocket_lgv_list_grid"},"_links":{"self":[{"href":"https:\/\/www.abiko.com\/sv\/wp-json\/wp\/v2\/product\/743","targetHints":{"allow":["GET"]}}],"collection":[{"href":"https:\/\/www.abiko.com\/sv\/wp-json\/wp\/v2\/product"}],"about":[{"href":"https:\/\/www.abiko.com\/sv\/wp-json\/wp\/v2\/types\/product"}],"wp:featuredmedia":[{"embeddable":true,"href":"https:\/\/www.abiko.com\/sv\/wp-json\/wp\/v2\/media\/746"}],"wp:attachment":[{"href":"https:\/\/www.abiko.com\/sv\/wp-json\/wp\/v2\/media?parent=743"}],"wp:term":[{"taxonomy":"product_brand","embeddable":true,"href":"https:\/\/www.abiko.com\/sv\/wp-json\/wp\/v2\/product_brand?post=743"},{"taxonomy":"product_cat","embeddable":true,"href":"https:\/\/www.abiko.com\/sv\/wp-json\/wp\/v2\/product_cat?post=743"},{"taxonomy":"product_tag","embeddable":true,"href":"https:\/\/www.abiko.com\/sv\/wp-json\/wp\/v2\/product_tag?post=743"}],"curies":[{"name":"wp","href":"https:\/\/api.w.org\/{rel}","templated":true}]}}