{"id":3214,"date":"2021-03-22T14:27:44","date_gmt":"2021-03-22T14:27:44","guid":{"rendered":"https:\/\/www.abiko.com\/?post_type=product&#038;p=3214"},"modified":"2021-03-22T14:28:34","modified_gmt":"2021-03-22T14:28:34","slug":"din-46235","status":"publish","type":"product","link":"https:\/\/www.abiko.com\/sv\/produkt\/din-46235\/","title":{"rendered":"DIN 46235"},"content":{"rendered":"<p>ABIKO serien av r\u00f6rkabelskor med m\u00e5tt enligt DIN 46235 finns i spannet 6 - 1000 mm\u00b2<\/p>\n<p>Egenskaper<\/p>\n<ul>\n<li>F\u00f6r f\u00e5tr\u00e5diga ledare (klass 2), enligt IEC 60228<\/li>\n<li>Material enligt EN 13600<\/li>\n<li>Antalet pressningar anges p\u00e5 kabelskon<\/li>\n<li>anv\u00e4nd backar enligt DIN 48083<\/li>\n<\/ul>\n<p>&nbsp;<\/p>\n<p>Mer information om artiklarna finner du i produktbladet nedan.<\/p>\n<p><a href=\"https:\/\/www.abiko.com\/wp-content\/uploads\/2021\/02\/DIN-46235-GB.pdf\">DIN 46235 Produktblad<\/a><\/p>","protected":false},"excerpt":{"rendered":"<p>The ABIKO series with DIN 46235 tube terminal is available in sizes from 6-1000 mm\u00b2. PROPERTIES: For conductors acc. to IEC 60228 Copper material acc. to EN 13600 Annealed material for optimal crimping properties Tin plated surface against corrosion &nbsp; To learn more about this article, please see the product leaflet in the link below. [&hellip;]<\/p>\n","protected":false},"featured_media":330,"template":"","meta":[],"product_brand":[],"product_cat":[62,166],"product_tag":[],"class_list":{"0":"post-3214","1":"product","2":"type-product","3":"status-publish","4":"has-post-thumbnail","6":"product_cat-cu-terminals","7":"product_cat-din46235","9":"first","10":"instock","11":"shipping-taxable","12":"product-type-simple","13":"berocket_lgv_grid","14":"berocket_lgv_list_grid"},"_links":{"self":[{"href":"https:\/\/www.abiko.com\/sv\/wp-json\/wp\/v2\/product\/3214","targetHints":{"allow":["GET"]}}],"collection":[{"href":"https:\/\/www.abiko.com\/sv\/wp-json\/wp\/v2\/product"}],"about":[{"href":"https:\/\/www.abiko.com\/sv\/wp-json\/wp\/v2\/types\/product"}],"wp:featuredmedia":[{"embeddable":true,"href":"https:\/\/www.abiko.com\/sv\/wp-json\/wp\/v2\/media\/330"}],"wp:attachment":[{"href":"https:\/\/www.abiko.com\/sv\/wp-json\/wp\/v2\/media?parent=3214"}],"wp:term":[{"taxonomy":"product_brand","embeddable":true,"href":"https:\/\/www.abiko.com\/sv\/wp-json\/wp\/v2\/product_brand?post=3214"},{"taxonomy":"product_cat","embeddable":true,"href":"https:\/\/www.abiko.com\/sv\/wp-json\/wp\/v2\/product_cat?post=3214"},{"taxonomy":"product_tag","embeddable":true,"href":"https:\/\/www.abiko.com\/sv\/wp-json\/wp\/v2\/product_tag?post=3214"}],"curies":[{"name":"wp","href":"https:\/\/api.w.org\/{rel}","templated":true}]}}