{"id":3124,"date":"2021-03-22T12:07:29","date_gmt":"2021-03-22T12:07:29","guid":{"rendered":"https:\/\/www.abiko.com\/?post_type=product&#038;p=3124"},"modified":"2025-11-07T09:21:23","modified_gmt":"2025-11-07T09:21:23","slug":"corex-2","status":"publish","type":"product","link":"https:\/\/www.abiko.com\/sv\/produkt\/corex-2\/","title":{"rendered":"Corex II &#038; III"},"content":{"rendered":"<h2>COREX II<\/h2>\n<h4>Corex II \u00e4r ett skalverktyg f\u00f6r koaxialkablar, \u00d8 2,5-7,6 mm, 2-stegsskalning.<\/h4>\n<ul>\n<li>Flexibel: skalar fler storlekar av koaxialkablar (\u00d8 2,5-7,6 mm\/0,1-0,3\") \u00e4n n\u00e5got annat j\u00e4mf\u00f6rbart skalverktyg.<\/li>\n<li>Noggrann: skalar de flesta kablar med maskinliknande exakthet. Standardkassetter avisolerar r\u00e4tt skall\u00e4ngder f\u00f6r en majoritet av alla kontakter. Det g\u00e5r \u00e4ven att best\u00e4lla kundanpassade kassetter.<\/li>\n<li>Unik tolk g\u00f6r det enkelt att st\u00e4lla in knivh\u00f6jden f\u00f6r de flesta vanliga kabeltyper.<\/li>\n<li>Snabb: f\u00f6r in kabeln, st\u00e4ng och rotera f\u00f6r att skala.<\/li>\n<li>H\u00e5llbar: knivbladen har testats f\u00f6r att h\u00e5lla f\u00f6r fler \u00e4n 1 000 skalningar per kassett.<\/li>\n<li>Ekonomisk: h\u00f6g produktivitet, l\u00e5ng livsl\u00e4ngd och m\u00e5ngsidigheten g\u00f6r Corex till det b\u00e4sta k\u00f6pet f\u00f6r den som beh\u00f6ver avisolera mer \u00e4n en kabelstorlek.<\/li>\n<li>Varje verktyg levereras tillsammans med en knivkassett, fyra v-block, tolk och insexnyckel.<\/li>\n<li>Alla fyra kassetter finns att best\u00e4lla separat.<\/li>\n<\/ul>\n<p><img loading=\"lazy\" decoding=\"async\" class=\"alignnone wp-image-4441\" src=\"https:\/\/www.abiko.com\/wp-content\/uploads\/2021\/03\/Corex2.jpg\" alt=\"\" width=\"441\" height=\"170\" srcset=\"https:\/\/www.abiko.com\/wp-content\/uploads\/2021\/03\/Corex2.jpg 670w, https:\/\/www.abiko.com\/wp-content\/uploads\/2021\/03\/Corex2-300x116.jpg 300w, https:\/\/www.abiko.com\/wp-content\/uploads\/2021\/03\/Corex2-18x7.jpg 18w\" sizes=\"(max-width: 441px) 100vw, 441px\" \/><\/p>\n<p><a href=\"https:\/\/www.pressmaster.se\/wp-content\/uploads\/2013\/03\/corex_2L.png\"><img loading=\"lazy\" decoding=\"async\" class=\"alignnone size-full wp-image-377\" src=\"https:\/\/www.pressmaster.se\/wp-content\/uploads\/2013\/03\/corex_2L.png\" alt=\"corex_2L\" width=\"200\" height=\"50\" \/><\/a><br \/>\n* adjustable<\/p>\n<p><a href=\"https:\/\/www.abiko.com\/wp-content\/uploads\/2025\/10\/Instructions-Corex.pdf\"><span style=\"color: #000000;\"><strong>Download manual<\/strong><\/span><\/a><\/p>\n<h2>COREX III<\/h2>\n<h4>COREX III \u00e4r ett skalverktyg f\u00f6r koaxialkablar, \u00d8 2,5-7,6 mm, 3-stegsskalning.<\/h4>\n<ul>\n<li>Flexibel: skalar fler storlekar av koaxialkablar (\u00d8 2,5-7,6 mm\/0,1-0,3\") \u00e4n n\u00e5got annat j\u00e4mf\u00f6rbart skalverktyg.<\/li>\n<li>Noggrann: skalar de flesta kablar med maskinliknande exakthet. Standardkassetter avisolerar r\u00e4tt skall\u00e4ngder f\u00f6r en majoritet av alla kontakter. Det g\u00e5r \u00e4ven att best\u00e4lla kundanpassade kassetter.<\/li>\n<li>Unik tolk g\u00f6r det enkelt att st\u00e4lla in knivh\u00f6jden f\u00f6r de flesta vanliga kabeltyper.<\/li>\n<li>Snabb: f\u00f6r in kabeln, st\u00e4ng och rotera f\u00f6r att skala.<\/li>\n<li>H\u00e5llbar: knivbladen har testats f\u00f6r att h\u00e5lla f\u00f6r fler \u00e4n 1 000 skalningar per kassett.<\/li>\n<li>Ekonomisk: h\u00f6g produktivitet, l\u00e5ng livsl\u00e4ngd och m\u00e5ngsidigheten g\u00f6r Corex till det b\u00e4sta k\u00f6pet f\u00f6r den som beh\u00f6ver avisolera mer \u00e4n en kabelstorlek.<\/li>\n<li>Varje verktyg levereras tillsammans med en knivkassett, fyra v-block, tolk och insexnyckel.<\/li>\n<li>Alla fem kassetter finns att best\u00e4lla separat.<\/li>\n<\/ul>\n<p><img loading=\"lazy\" decoding=\"async\" class=\"alignnone wp-image-4444\" src=\"https:\/\/www.abiko.com\/wp-content\/uploads\/2021\/03\/Corex3.jpg\" alt=\"\" width=\"537\" height=\"187\" srcset=\"https:\/\/www.abiko.com\/wp-content\/uploads\/2021\/03\/Corex3.jpg 856w, https:\/\/www.abiko.com\/wp-content\/uploads\/2021\/03\/Corex3-300x104.jpg 300w, https:\/\/www.abiko.com\/wp-content\/uploads\/2021\/03\/Corex3-768x267.jpg 768w, https:\/\/www.abiko.com\/wp-content\/uploads\/2021\/03\/Corex3-18x6.jpg 18w\" sizes=\"(max-width: 537px) 100vw, 537px\" \/><\/p>\n<p><img loading=\"lazy\" decoding=\"async\" class=\"size-full wp-image-374 alignleft\" title=\"corex_3L\" src=\"https:\/\/www.pressmaster.se\/wp-content\/uploads\/2013\/03\/corex_3L.png\" alt=\"\" width=\"200\" height=\"50\" \/><\/p>\n<p>&nbsp;<\/p>\n<p>&nbsp;<\/p>\n<p>* adjustable<\/p>\n<p><a href=\"https:\/\/www.abiko.com\/wp-content\/uploads\/2025\/10\/Instructions-Corex.pdf\"><span style=\"color: #000000;\"><strong>Download manual<\/strong><\/span><\/a><\/p>\n<p>&nbsp;<\/p>\n<p>&nbsp;<\/p>","protected":false},"excerpt":{"rendered":"<p>Skalverktyg<\/p>","protected":false},"featured_media":3148,"template":"","meta":[],"product_brand":[],"product_cat":[160,71],"product_tag":[181],"class_list":{"0":"post-3124","1":"product","2":"type-product","3":"status-publish","4":"has-post-thumbnail","6":"product_cat-corex","7":"product_cat-cutting-and-stripping-tools","8":"product_tag-corex","10":"first","11":"instock","12":"shipping-taxable","13":"product-type-variable","14":"berocket_lgv_grid","15":"berocket_lgv_list_grid"},"_links":{"self":[{"href":"https:\/\/www.abiko.com\/sv\/wp-json\/wp\/v2\/product\/3124","targetHints":{"allow":["GET"]}}],"collection":[{"href":"https:\/\/www.abiko.com\/sv\/wp-json\/wp\/v2\/product"}],"about":[{"href":"https:\/\/www.abiko.com\/sv\/wp-json\/wp\/v2\/types\/product"}],"wp:featuredmedia":[{"embeddable":true,"href":"https:\/\/www.abiko.com\/sv\/wp-json\/wp\/v2\/media\/3148"}],"wp:attachment":[{"href":"https:\/\/www.abiko.com\/sv\/wp-json\/wp\/v2\/media?parent=3124"}],"wp:term":[{"taxonomy":"product_brand","embeddable":true,"href":"https:\/\/www.abiko.com\/sv\/wp-json\/wp\/v2\/product_brand?post=3124"},{"taxonomy":"product_cat","embeddable":true,"href":"https:\/\/www.abiko.com\/sv\/wp-json\/wp\/v2\/product_cat?post=3124"},{"taxonomy":"product_tag","embeddable":true,"href":"https:\/\/www.abiko.com\/sv\/wp-json\/wp\/v2\/product_tag?post=3124"}],"curies":[{"name":"wp","href":"https:\/\/api.w.org\/{rel}","templated":true}]}}