{"id":3103,"date":"2021-03-22T11:52:05","date_gmt":"2021-03-22T11:52:05","guid":{"rendered":"https:\/\/www.abiko.com\/?post_type=product&#038;p=3103"},"modified":"2021-03-23T12:21:21","modified_gmt":"2021-03-23T12:21:21","slug":"oden","status":"publish","type":"product","link":"https:\/\/www.abiko.com\/sv\/produkt\/oden\/","title":{"rendered":"ODEN"},"content":{"rendered":"<h2>ODEN<\/h2>\n<h4>Oden \u00e4r ett skalverktyg som med exakthet tar bort isoleringen fr\u00e5n signal-, telefon-, audio-, instrument-, datakablar och fiberoptiska kablar. Upp till \u00d8 11 mm\/0,43 tum.<\/h4>\n<ul>\n<li>Exakt injustering och justering utf\u00f6rs med ett nio-positioners justervred.<\/li>\n<li>Enkel att anv\u00e4nda: genom att kl\u00e4mma ihop Oden \u00f6ppnas skal\u00f6ppningen - f\u00f6r in kabeln, rotera verktyget en g\u00e5ng, ta ut kabeln och dra av det avskurna h\u00f6ljet<\/li>\n<li>S\u00e4ker: smidigt, rundat och l\u00e4tt verktyg som enkelt f\u00f6rvaras i fickan. Inga exponerade knivblad. Reservblad inpackade i ett plastskydd.<\/li>\n<li>Flexibel: skalar eller avisolerar manteln p\u00e5 de flesta flertr\u00e5diga och fiberoptiska kablar upp till 11 mm\/0,43 tum i diameter.<\/li>\n<li>Ekonomisk: reservblad finns tillg\u00e4ngligt.<\/li>\n<\/ul>","protected":false},"excerpt":{"rendered":"<p>Skalverktyg<\/p>","protected":false},"featured_media":3106,"template":"","meta":[],"product_brand":[],"product_cat":[71],"product_tag":[],"class_list":{"0":"post-3103","1":"product","2":"type-product","3":"status-publish","4":"has-post-thumbnail","6":"product_cat-cutting-and-stripping-tools","8":"first","9":"instock","10":"shipping-taxable","11":"product-type-simple","12":"berocket_lgv_grid","13":"berocket_lgv_list_grid"},"_links":{"self":[{"href":"https:\/\/www.abiko.com\/sv\/wp-json\/wp\/v2\/product\/3103","targetHints":{"allow":["GET"]}}],"collection":[{"href":"https:\/\/www.abiko.com\/sv\/wp-json\/wp\/v2\/product"}],"about":[{"href":"https:\/\/www.abiko.com\/sv\/wp-json\/wp\/v2\/types\/product"}],"wp:featuredmedia":[{"embeddable":true,"href":"https:\/\/www.abiko.com\/sv\/wp-json\/wp\/v2\/media\/3106"}],"wp:attachment":[{"href":"https:\/\/www.abiko.com\/sv\/wp-json\/wp\/v2\/media?parent=3103"}],"wp:term":[{"taxonomy":"product_brand","embeddable":true,"href":"https:\/\/www.abiko.com\/sv\/wp-json\/wp\/v2\/product_brand?post=3103"},{"taxonomy":"product_cat","embeddable":true,"href":"https:\/\/www.abiko.com\/sv\/wp-json\/wp\/v2\/product_cat?post=3103"},{"taxonomy":"product_tag","embeddable":true,"href":"https:\/\/www.abiko.com\/sv\/wp-json\/wp\/v2\/product_tag?post=3103"}],"curies":[{"name":"wp","href":"https:\/\/api.w.org\/{rel}","templated":true}]}}