{"id":3082,"date":"2021-03-22T11:51:34","date_gmt":"2021-03-22T11:51:34","guid":{"rendered":"https:\/\/www.abiko.com\/?post_type=product&#038;p=3082"},"modified":"2021-03-23T12:20:04","modified_gmt":"2021-03-23T12:20:04","slug":"tor","status":"publish","type":"product","link":"https:\/\/www.abiko.com\/sv\/produkt\/tor\/","title":{"rendered":"TOR"},"content":{"rendered":"<h2>TOR<\/h2>\n<h4>Tor \u00e4r ett justerbart skalverktyg f\u00f6r kraftkablar med alla slags isolationsmaterial.<\/h4>\n<p>Unika egenskaper med tv\u00e5 utbytbara krokar f\u00f6r olika kabeldiametrar som ger en skalkapacitet p\u00e5 upp till 40 mm\/1,5'' i diameter. L\u00e5sta l\u00e4gen f\u00f6r tv\u00e4rs-, l\u00e4ngs- och spiralsnitt.<\/p>\n<ul>\n<li>Stor kapacitet: tv\u00e5 utbytbara krokar som inneb\u00e4r att Tor kan ers\u00e4tta tv\u00e5 eller fler av skalverktygen i verktygsl\u00e5dan.<\/li>\n<li>Enkel att anv\u00e4nda: m\u00f6jlighet att l\u00e5sa l\u00e4gen f\u00f6r tv\u00e4rs-, l\u00e4ngs- och spiralsnitt.<\/li>\n<li>Knivbladet \u00e5terv\u00e4nder automatiskt till sin startposition efter skalning - minskar risken f\u00f6r avbrutna knivar.<\/li>\n<li>Inga extra verktyg kr\u00e4vs f\u00f6r att byta mellan krokarna - den ena ers\u00e4tter den andra. Justeringen f\u00f6r knivbladet i djupled samt finjustering sker med ett enkelt handgrepp.<\/li>\n<li>H\u00e5l i \u00e4nden av handtaget f\u00f6r att f\u00e4sta s\u00e4kerhetsrem - undvika att tappa verktyget.<\/li>\n<li>Ergonomisk: v\u00e4lbalanserad utformning med tum- och fingergrepp som g\u00f6r det enkelt att lyfta kroken.<\/li>\n<li>H\u00e5llbar: Reservblad kan f\u00f6rvaras i ett utrymme i verktyget.<\/li>\n<li>Tor har testats f\u00f6r att h\u00e5lla \u00f6ver 100 000 cykler.<\/li>\n<\/ul>","protected":false},"excerpt":{"rendered":"<p>Tor \u00e4r ett justerbart skalverktyg f\u00f6r kraftkablar med alla slags isolationsmaterial.<\/p>","protected":false},"featured_media":3094,"template":"","meta":[],"product_brand":[],"product_cat":[71],"product_tag":[],"class_list":{"0":"post-3082","1":"product","2":"type-product","3":"status-publish","4":"has-post-thumbnail","6":"product_cat-cutting-and-stripping-tools","8":"first","9":"instock","10":"shipping-taxable","11":"product-type-simple","12":"berocket_lgv_grid","13":"berocket_lgv_list_grid"},"_links":{"self":[{"href":"https:\/\/www.abiko.com\/sv\/wp-json\/wp\/v2\/product\/3082","targetHints":{"allow":["GET"]}}],"collection":[{"href":"https:\/\/www.abiko.com\/sv\/wp-json\/wp\/v2\/product"}],"about":[{"href":"https:\/\/www.abiko.com\/sv\/wp-json\/wp\/v2\/types\/product"}],"wp:featuredmedia":[{"embeddable":true,"href":"https:\/\/www.abiko.com\/sv\/wp-json\/wp\/v2\/media\/3094"}],"wp:attachment":[{"href":"https:\/\/www.abiko.com\/sv\/wp-json\/wp\/v2\/media?parent=3082"}],"wp:term":[{"taxonomy":"product_brand","embeddable":true,"href":"https:\/\/www.abiko.com\/sv\/wp-json\/wp\/v2\/product_brand?post=3082"},{"taxonomy":"product_cat","embeddable":true,"href":"https:\/\/www.abiko.com\/sv\/wp-json\/wp\/v2\/product_cat?post=3082"},{"taxonomy":"product_tag","embeddable":true,"href":"https:\/\/www.abiko.com\/sv\/wp-json\/wp\/v2\/product_tag?post=3082"}],"curies":[{"name":"wp","href":"https:\/\/api.w.org\/{rel}","templated":true}]}}