{"id":2749,"date":"2021-03-10T14:52:32","date_gmt":"2021-03-10T14:52:32","guid":{"rendered":"https:\/\/www.abiko.com\/?post_type=product&#038;p=2749"},"modified":"2021-03-22T14:16:58","modified_gmt":"2021-03-22T14:16:58","slug":"kccc2561","status":"publish","type":"product","link":"https:\/\/www.abiko.com\/sv\/produkt\/kccc2561\/","title":{"rendered":"KCCC2561"},"content":{"rendered":"<p>Pressverktyg f\u00f6r krimpning av koaxialkontakter av typ N, SC, UHF med RG 213, 8, och 11<\/p>\n<p>Egenskaper<\/p>\n<ul>\n<li>ergonomiska handtag, f\u00f6rl\u00e4ngda f\u00f6r att reducera den n\u00f6dv\u00e4ndiga presskraften<\/li>\n<li>vikt 550 g, l\u00e4ngd 256 mm<\/li>\n<li>hex storlek 10.90<\/li>\n<li>liten hex storlek 2.54<\/li>\n<\/ul>","protected":false},"excerpt":{"rendered":"<p>F\u00f6r krimpning av koaxialkontakter<\/p>","protected":false},"featured_media":2755,"template":"","meta":[],"product_brand":[],"product_cat":[68,154],"product_tag":[],"class_list":{"0":"post-2749","1":"product","2":"type-product","3":"status-publish","4":"has-post-thumbnail","6":"product_cat-crimping-tools","7":"product_cat-for-coaxial-terminals","9":"first","10":"instock","11":"shipping-taxable","12":"product-type-simple","13":"berocket_lgv_grid","14":"berocket_lgv_list_grid"},"_links":{"self":[{"href":"https:\/\/www.abiko.com\/sv\/wp-json\/wp\/v2\/product\/2749","targetHints":{"allow":["GET"]}}],"collection":[{"href":"https:\/\/www.abiko.com\/sv\/wp-json\/wp\/v2\/product"}],"about":[{"href":"https:\/\/www.abiko.com\/sv\/wp-json\/wp\/v2\/types\/product"}],"wp:featuredmedia":[{"embeddable":true,"href":"https:\/\/www.abiko.com\/sv\/wp-json\/wp\/v2\/media\/2755"}],"wp:attachment":[{"href":"https:\/\/www.abiko.com\/sv\/wp-json\/wp\/v2\/media?parent=2749"}],"wp:term":[{"taxonomy":"product_brand","embeddable":true,"href":"https:\/\/www.abiko.com\/sv\/wp-json\/wp\/v2\/product_brand?post=2749"},{"taxonomy":"product_cat","embeddable":true,"href":"https:\/\/www.abiko.com\/sv\/wp-json\/wp\/v2\/product_cat?post=2749"},{"taxonomy":"product_tag","embeddable":true,"href":"https:\/\/www.abiko.com\/sv\/wp-json\/wp\/v2\/product_tag?post=2749"}],"curies":[{"name":"wp","href":"https:\/\/api.w.org\/{rel}","templated":true}]}}