{"id":2716,"date":"2021-03-10T14:40:33","date_gmt":"2021-03-10T14:40:33","guid":{"rendered":"https:\/\/www.abiko.com\/?post_type=product&#038;p=2716"},"modified":"2021-03-10T14:44:20","modified_gmt":"2021-03-10T14:44:20","slug":"kit1113c","status":"publish","type":"product","link":"https:\/\/www.abiko.com\/sv\/produkt\/kit1113c\/","title":{"rendered":"KIT1113C"},"content":{"rendered":"<p>Pressverktyg f\u00f6r krimpning av koaxialkontakter av typ BNC, TNC, Thinnet med RG 58, 59, 62 och 71<\/p>\n<p>Egenskaper<\/p>\n<ul>\n<li>vikt 910 g\/kit, 350 g\/verktyg<\/li>\n<li>Inneh\u00e5ller DCC1113, skalverktyg f\u00f6r koaxialkabel COREX (CX-305 med 4 st V-block f\u00f6r olika kablar och storlekar), skalverktyg ABIKO 001 och utvalda BNC kontakter, RG 58 och RG 59<\/li>\n<li>levereras i slagt\u00e5lig plastl\u00e5da<\/li>\n<\/ul>","protected":false},"excerpt":{"rendered":"<p>Crimping KIT for coaxial connectors<\/p>","protected":false},"featured_media":2725,"template":"","meta":[],"product_brand":[],"product_cat":[68,154],"product_tag":[],"class_list":{"0":"post-2716","1":"product","2":"type-product","3":"status-publish","4":"has-post-thumbnail","6":"product_cat-crimping-tools","7":"product_cat-for-coaxial-terminals","9":"first","10":"instock","11":"shipping-taxable","12":"product-type-simple","13":"berocket_lgv_grid","14":"berocket_lgv_list_grid"},"_links":{"self":[{"href":"https:\/\/www.abiko.com\/sv\/wp-json\/wp\/v2\/product\/2716","targetHints":{"allow":["GET"]}}],"collection":[{"href":"https:\/\/www.abiko.com\/sv\/wp-json\/wp\/v2\/product"}],"about":[{"href":"https:\/\/www.abiko.com\/sv\/wp-json\/wp\/v2\/types\/product"}],"wp:featuredmedia":[{"embeddable":true,"href":"https:\/\/www.abiko.com\/sv\/wp-json\/wp\/v2\/media\/2725"}],"wp:attachment":[{"href":"https:\/\/www.abiko.com\/sv\/wp-json\/wp\/v2\/media?parent=2716"}],"wp:term":[{"taxonomy":"product_brand","embeddable":true,"href":"https:\/\/www.abiko.com\/sv\/wp-json\/wp\/v2\/product_brand?post=2716"},{"taxonomy":"product_cat","embeddable":true,"href":"https:\/\/www.abiko.com\/sv\/wp-json\/wp\/v2\/product_cat?post=2716"},{"taxonomy":"product_tag","embeddable":true,"href":"https:\/\/www.abiko.com\/sv\/wp-json\/wp\/v2\/product_tag?post=2716"}],"curies":[{"name":"wp","href":"https:\/\/api.w.org\/{rel}","templated":true}]}}