{"id":2686,"date":"2021-03-10T14:29:20","date_gmt":"2021-03-10T14:29:20","guid":{"rendered":"https:\/\/www.abiko.com\/?post_type=product&#038;p=2686"},"modified":"2021-03-10T14:33:38","modified_gmt":"2021-03-10T14:33:38","slug":"pmp4080","status":"publish","type":"product","link":"https:\/\/www.abiko.com\/sv\/produkt\/pmp4080\/","title":{"rendered":"PMP4080"},"content":{"rendered":"<p>Pressverktyg f\u00f6r modularplug kontakter<\/p>\n<p>Egenskaper<\/p>\n<ul>\n<li>parrallel gaffel f\u00f6r precision<\/li>\n<li>justerbar f\u00f6rsp\u00e4nning f\u00f6r \u00f6kad livsl\u00e4ngd<\/li>\n<li>l\u00e4tt att byta pressbackar<\/li>\n<li>Sp\u00e4rrfunktion som inte l\u00f6ser ut f\u00f6rr\u00e4n pressningen \u00e4r f\u00e4rdig<\/li>\n<li>levereras kalibrerat fr\u00e5n fabrik<\/li>\n<\/ul>","protected":false},"excerpt":{"rendered":"<p>Pressverktyg f\u00f6r modularplug kontakter<\/p>","protected":false},"featured_media":2689,"template":"","meta":[],"product_brand":[],"product_cat":[68,151],"product_tag":[],"class_list":{"0":"post-2686","1":"product","2":"type-product","3":"status-publish","4":"has-post-thumbnail","6":"product_cat-crimping-tools","7":"product_cat-for-modular-terminals","9":"first","10":"instock","11":"shipping-taxable","12":"product-type-simple","13":"berocket_lgv_grid","14":"berocket_lgv_list_grid"},"_links":{"self":[{"href":"https:\/\/www.abiko.com\/sv\/wp-json\/wp\/v2\/product\/2686","targetHints":{"allow":["GET"]}}],"collection":[{"href":"https:\/\/www.abiko.com\/sv\/wp-json\/wp\/v2\/product"}],"about":[{"href":"https:\/\/www.abiko.com\/sv\/wp-json\/wp\/v2\/types\/product"}],"wp:featuredmedia":[{"embeddable":true,"href":"https:\/\/www.abiko.com\/sv\/wp-json\/wp\/v2\/media\/2689"}],"wp:attachment":[{"href":"https:\/\/www.abiko.com\/sv\/wp-json\/wp\/v2\/media?parent=2686"}],"wp:term":[{"taxonomy":"product_brand","embeddable":true,"href":"https:\/\/www.abiko.com\/sv\/wp-json\/wp\/v2\/product_brand?post=2686"},{"taxonomy":"product_cat","embeddable":true,"href":"https:\/\/www.abiko.com\/sv\/wp-json\/wp\/v2\/product_cat?post=2686"},{"taxonomy":"product_tag","embeddable":true,"href":"https:\/\/www.abiko.com\/sv\/wp-json\/wp\/v2\/product_tag?post=2686"}],"curies":[{"name":"wp","href":"https:\/\/api.w.org\/{rel}","templated":true}]}}