{"id":2665,"date":"2021-03-10T14:22:18","date_gmt":"2021-03-10T14:22:18","guid":{"rendered":"https:\/\/www.abiko.com\/?post_type=product&#038;p=2665"},"modified":"2021-03-10T14:24:46","modified_gmt":"2021-03-10T14:24:46","slug":"drb0505l","status":"publish","type":"product","link":"https:\/\/www.abiko.com\/sv\/produkt\/drb0505l\/","title":{"rendered":"DRB0505L"},"content":{"rendered":"<p>Presst\u00e5ng f\u00f6r krimpning av D sub stift\/hylsor<\/p>\n<p>Pressomr\u00e5de 0,05 - 0,5 mm\u00b2 (AWG 28 -20)<\/p>\n<p>Egenskaper<\/p>\n<ul>\n<li>justerbar f\u00f6rsp\u00e4nning f\u00f6r \u00f6kad livsl\u00e4ngd<\/li>\n<li>sp\u00e4rrfunktion som garanterar en fullgjord pressning<\/li>\n<li>n\u00f6dutl\u00f6sning om pressf\u00f6rloppet m\u00e5ste avbrytas<\/li>\n<li>anv\u00e4ndarv\u00e4nlig med ergonomiskt handtag<\/li>\n<li>backuttagen \u00e4r tydligt m\u00e4rkta<\/li>\n<\/ul>","protected":false},"excerpt":{"rendered":"<p>Pressomr\u00e5de 0,05 - 0,5 mm\u00b2 (AWG 28 -20)<\/p>","protected":false},"featured_media":2671,"template":"","meta":[],"product_brand":[],"product_cat":[68,148],"product_tag":[],"class_list":{"0":"post-2665","1":"product","2":"type-product","3":"status-publish","4":"has-post-thumbnail","6":"product_cat-crimping-tools","7":"product_cat-for-electronic-terminals","9":"first","10":"instock","11":"shipping-taxable","12":"product-type-simple","13":"berocket_lgv_grid","14":"berocket_lgv_list_grid"},"_links":{"self":[{"href":"https:\/\/www.abiko.com\/sv\/wp-json\/wp\/v2\/product\/2665","targetHints":{"allow":["GET"]}}],"collection":[{"href":"https:\/\/www.abiko.com\/sv\/wp-json\/wp\/v2\/product"}],"about":[{"href":"https:\/\/www.abiko.com\/sv\/wp-json\/wp\/v2\/types\/product"}],"wp:featuredmedia":[{"embeddable":true,"href":"https:\/\/www.abiko.com\/sv\/wp-json\/wp\/v2\/media\/2671"}],"wp:attachment":[{"href":"https:\/\/www.abiko.com\/sv\/wp-json\/wp\/v2\/media?parent=2665"}],"wp:term":[{"taxonomy":"product_brand","embeddable":true,"href":"https:\/\/www.abiko.com\/sv\/wp-json\/wp\/v2\/product_brand?post=2665"},{"taxonomy":"product_cat","embeddable":true,"href":"https:\/\/www.abiko.com\/sv\/wp-json\/wp\/v2\/product_cat?post=2665"},{"taxonomy":"product_tag","embeddable":true,"href":"https:\/\/www.abiko.com\/sv\/wp-json\/wp\/v2\/product_tag?post=2665"}],"curies":[{"name":"wp","href":"https:\/\/api.w.org\/{rel}","templated":true}]}}