{"id":2578,"date":"2021-03-10T13:55:43","date_gmt":"2021-03-10T13:55:43","guid":{"rendered":"https:\/\/www.abiko.com\/?post_type=product&#038;p=2578"},"modified":"2021-03-10T13:58:59","modified_gmt":"2021-03-10T13:58:59","slug":"kl2258-copy","status":"publish","type":"product","link":"https:\/\/www.abiko.com\/sv\/produkt\/kl2258-copy\/","title":{"rendered":"DEB0325"},"content":{"rendered":"<p>Pressverktyg f\u00f6r krimpning av \u00e4ndhylsor<\/p>\n<p>Pressomr\u00e5de 0,25 - 2,5 mm\u00b2 (AWG 24 -14)<\/p>\n<p>Egenskaper<\/p>\n<ul>\n<li>backuttagen \u00e4r tydligt m\u00e4rkta<\/li>\n<li>justerbar f\u00f6rsp\u00e4nning f\u00f6r \u00f6kad livsl\u00e4ngd<\/li>\n<li>sp\u00e4rrfunktion som garanterar en fullgjord pressning<\/li>\n<li>n\u00f6dutl\u00f6sning om pressf\u00f6rloppet m\u00e5ste avbrytas<\/li>\n<li>anv\u00e4ndarv\u00e4nlig med ergonomiskt handtag<\/li>\n<\/ul>","protected":false},"excerpt":{"rendered":"<p>Pressomr\u00e5de 0,25 - 2,5 mm\u00b2 (AWG 24 -14)<\/p>","protected":false},"featured_media":2584,"template":"","meta":[],"product_brand":[],"product_cat":[68,145],"product_tag":[],"class_list":{"0":"post-2578","1":"product","2":"type-product","3":"status-publish","4":"has-post-thumbnail","6":"product_cat-crimping-tools","7":"product_cat-for-end-sleeves","9":"first","10":"instock","11":"shipping-taxable","12":"product-type-simple","13":"berocket_lgv_grid","14":"berocket_lgv_list_grid"},"_links":{"self":[{"href":"https:\/\/www.abiko.com\/sv\/wp-json\/wp\/v2\/product\/2578","targetHints":{"allow":["GET"]}}],"collection":[{"href":"https:\/\/www.abiko.com\/sv\/wp-json\/wp\/v2\/product"}],"about":[{"href":"https:\/\/www.abiko.com\/sv\/wp-json\/wp\/v2\/types\/product"}],"wp:featuredmedia":[{"embeddable":true,"href":"https:\/\/www.abiko.com\/sv\/wp-json\/wp\/v2\/media\/2584"}],"wp:attachment":[{"href":"https:\/\/www.abiko.com\/sv\/wp-json\/wp\/v2\/media?parent=2578"}],"wp:term":[{"taxonomy":"product_brand","embeddable":true,"href":"https:\/\/www.abiko.com\/sv\/wp-json\/wp\/v2\/product_brand?post=2578"},{"taxonomy":"product_cat","embeddable":true,"href":"https:\/\/www.abiko.com\/sv\/wp-json\/wp\/v2\/product_cat?post=2578"},{"taxonomy":"product_tag","embeddable":true,"href":"https:\/\/www.abiko.com\/sv\/wp-json\/wp\/v2\/product_tag?post=2578"}],"curies":[{"name":"wp","href":"https:\/\/api.w.org\/{rel}","templated":true}]}}