{"id":2560,"date":"2021-03-10T13:25:53","date_gmt":"2021-03-10T13:25:53","guid":{"rendered":"https:\/\/www.abiko.com\/?post_type=product&#038;p=2560"},"modified":"2021-03-10T13:54:36","modified_gmt":"2021-03-10T13:54:36","slug":"ks2258","status":"publish","type":"product","link":"https:\/\/www.abiko.com\/sv\/produkt\/ks2258\/","title":{"rendered":"KS2258"},"content":{"rendered":"<p>Pressverktyg f\u00f6r krimpning av kopparf\u00f6rbindningar av typ CUT 6 - 16 mm\u00b2 och KR\/KS 4 - 10 mm\u00b2.<\/p>\n<p>Egenskaper<\/p>\n<ul>\n<li>30% mindre presskraft kr\u00e4vs j\u00e4mf\u00f6rt med f\u00f6reg\u00e5ngaren T2258<\/li>\n<li>ergonomiska handtag<\/li>\n<li>saxr\u00f6relse f\u00f6r optimal \u00e5tkomst i tr\u00e5nga utrymmen<\/li>\n<li>sp\u00e4rrfunktion som ej l\u00f6ser ut f\u00f6rr\u00e4n pressningen \u00e4r f\u00e4rdig<\/li>\n<li>sexkantpressning med tydligt utm\u00e4rkta pressl\u00e4gen<\/li>\n<li>m\u00f6jlighet till justeringar vid kalibrering efter l\u00e5ng tids anv\u00e4ndning<\/li>\n<\/ul>","protected":false},"excerpt":{"rendered":"<p>Pressomr\u00e5de CUT 6 - 16 mm\u00b2 och KR\/KS 4 - 10 mm\u00b2<\/p>","protected":false},"featured_media":2566,"template":"","meta":[],"product_brand":[],"product_cat":[68,142],"product_tag":[],"class_list":{"0":"post-2560","1":"product","2":"type-product","3":"status-publish","4":"has-post-thumbnail","6":"product_cat-crimping-tools","7":"product_cat-for-cu-terminals","9":"first","10":"instock","11":"shipping-taxable","12":"product-type-simple","13":"berocket_lgv_grid","14":"berocket_lgv_list_grid"},"_links":{"self":[{"href":"https:\/\/www.abiko.com\/sv\/wp-json\/wp\/v2\/product\/2560","targetHints":{"allow":["GET"]}}],"collection":[{"href":"https:\/\/www.abiko.com\/sv\/wp-json\/wp\/v2\/product"}],"about":[{"href":"https:\/\/www.abiko.com\/sv\/wp-json\/wp\/v2\/types\/product"}],"wp:featuredmedia":[{"embeddable":true,"href":"https:\/\/www.abiko.com\/sv\/wp-json\/wp\/v2\/media\/2566"}],"wp:attachment":[{"href":"https:\/\/www.abiko.com\/sv\/wp-json\/wp\/v2\/media?parent=2560"}],"wp:term":[{"taxonomy":"product_brand","embeddable":true,"href":"https:\/\/www.abiko.com\/sv\/wp-json\/wp\/v2\/product_brand?post=2560"},{"taxonomy":"product_cat","embeddable":true,"href":"https:\/\/www.abiko.com\/sv\/wp-json\/wp\/v2\/product_cat?post=2560"},{"taxonomy":"product_tag","embeddable":true,"href":"https:\/\/www.abiko.com\/sv\/wp-json\/wp\/v2\/product_tag?post=2560"}],"curies":[{"name":"wp","href":"https:\/\/api.w.org\/{rel}","templated":true}]}}