{"id":2551,"date":"2021-03-10T13:21:22","date_gmt":"2021-03-10T13:21:22","guid":{"rendered":"https:\/\/www.abiko.com\/?post_type=product&#038;p=2551"},"modified":"2021-03-10T13:54:18","modified_gmt":"2021-03-10T13:54:18","slug":"t2258","status":"publish","type":"product","link":"https:\/\/www.abiko.com\/sv\/produkt\/t2258\/","title":{"rendered":"T2258"},"content":{"rendered":"<p>Mekaniskt pressverktyg f\u00f6r krimpning av kopparf\u00f6rbindningar 4 - 16 mm\u00b2<\/p>\n<p>Egenskaper<\/p>\n<ul>\n<li>ergonomiska handtag<\/li>\n<li>passar b\u00e5de v\u00e4nster- och h\u00f6gerh\u00e4nta<\/li>\n<li>saxr\u00f6relse f\u00f6r optimal \u00e5tkomst i tr\u00e5nga utrymmen<\/li>\n<li>sp\u00e4rrfunktion som inte l\u00f6ser ut f\u00f6rr\u00e4n pressningen \u00e4r f\u00e4rdig<\/li>\n<li>n\u00f6dutl\u00f6sning om pressf\u00f6rloppet m\u00e5ste avbrytas<\/li>\n<\/ul>","protected":false},"excerpt":{"rendered":"<p>Pressomr\u00e5de 4 - 16 mm\u00b2<\/p>","protected":false},"featured_media":2557,"template":"","meta":[],"product_brand":[],"product_cat":[68,142],"product_tag":[],"class_list":{"0":"post-2551","1":"product","2":"type-product","3":"status-publish","4":"has-post-thumbnail","6":"product_cat-crimping-tools","7":"product_cat-for-cu-terminals","9":"first","10":"instock","11":"shipping-taxable","12":"product-type-simple","13":"berocket_lgv_grid","14":"berocket_lgv_list_grid"},"_links":{"self":[{"href":"https:\/\/www.abiko.com\/sv\/wp-json\/wp\/v2\/product\/2551","targetHints":{"allow":["GET"]}}],"collection":[{"href":"https:\/\/www.abiko.com\/sv\/wp-json\/wp\/v2\/product"}],"about":[{"href":"https:\/\/www.abiko.com\/sv\/wp-json\/wp\/v2\/types\/product"}],"wp:featuredmedia":[{"embeddable":true,"href":"https:\/\/www.abiko.com\/sv\/wp-json\/wp\/v2\/media\/2557"}],"wp:attachment":[{"href":"https:\/\/www.abiko.com\/sv\/wp-json\/wp\/v2\/media?parent=2551"}],"wp:term":[{"taxonomy":"product_brand","embeddable":true,"href":"https:\/\/www.abiko.com\/sv\/wp-json\/wp\/v2\/product_brand?post=2551"},{"taxonomy":"product_cat","embeddable":true,"href":"https:\/\/www.abiko.com\/sv\/wp-json\/wp\/v2\/product_cat?post=2551"},{"taxonomy":"product_tag","embeddable":true,"href":"https:\/\/www.abiko.com\/sv\/wp-json\/wp\/v2\/product_tag?post=2551"}],"curies":[{"name":"wp","href":"https:\/\/api.w.org\/{rel}","templated":true}]}}