{"id":2530,"date":"2021-03-10T13:11:05","date_gmt":"2021-03-10T13:11:05","guid":{"rendered":"https:\/\/www.abiko.com\/?post_type=product&#038;p=2530"},"modified":"2023-02-02T08:12:58","modified_gmt":"2023-02-02T08:12:58","slug":"t3165a1","status":"publish","type":"product","link":"https:\/\/www.abiko.com\/sv\/produkt\/t3165a1\/","title":{"rendered":"T3165A1"},"content":{"rendered":"<p>Pressverktyg f\u00f6r krimpning av kopparf\u00f6rbindningar 10 - 70 mm\u00b2<\/p>\n<p>Egenskaper<\/p>\n<ul>\n<li>sp\u00e4rrfunktion som inte l\u00f6ser ut f\u00f6rr\u00e4n pressningen \u00e4r f\u00e4rdig<\/li>\n<li>presshjul av valsat st\u00e5l som ger h\u00f6g h\u00e5llfasthet<\/li>\n<li>vikt 3,0 kg, l\u00e4ngd 500 mm<\/li>\n<li>presskraft upp till ca 35 kN<\/li>\n<\/ul>","protected":false},"excerpt":{"rendered":"<p>Pressverktyg f\u00f6r krimpning av kopparf\u00f6rbindningar 10 - 70 mm\u00b2<\/p>","protected":false},"featured_media":2545,"template":"","meta":[],"product_brand":[],"product_cat":[68,142],"product_tag":[],"class_list":{"0":"post-2530","1":"product","2":"type-product","3":"status-publish","4":"has-post-thumbnail","6":"product_cat-crimping-tools","7":"product_cat-for-cu-terminals","9":"first","10":"instock","11":"shipping-taxable","12":"product-type-simple","13":"berocket_lgv_grid","14":"berocket_lgv_list_grid"},"_links":{"self":[{"href":"https:\/\/www.abiko.com\/sv\/wp-json\/wp\/v2\/product\/2530","targetHints":{"allow":["GET"]}}],"collection":[{"href":"https:\/\/www.abiko.com\/sv\/wp-json\/wp\/v2\/product"}],"about":[{"href":"https:\/\/www.abiko.com\/sv\/wp-json\/wp\/v2\/types\/product"}],"wp:featuredmedia":[{"embeddable":true,"href":"https:\/\/www.abiko.com\/sv\/wp-json\/wp\/v2\/media\/2545"}],"wp:attachment":[{"href":"https:\/\/www.abiko.com\/sv\/wp-json\/wp\/v2\/media?parent=2530"}],"wp:term":[{"taxonomy":"product_brand","embeddable":true,"href":"https:\/\/www.abiko.com\/sv\/wp-json\/wp\/v2\/product_brand?post=2530"},{"taxonomy":"product_cat","embeddable":true,"href":"https:\/\/www.abiko.com\/sv\/wp-json\/wp\/v2\/product_cat?post=2530"},{"taxonomy":"product_tag","embeddable":true,"href":"https:\/\/www.abiko.com\/sv\/wp-json\/wp\/v2\/product_tag?post=2530"}],"curies":[{"name":"wp","href":"https:\/\/api.w.org\/{rel}","templated":true}]}}