{"id":2509,"date":"2021-03-10T12:54:51","date_gmt":"2021-03-10T12:54:51","guid":{"rendered":"https:\/\/www.abiko.com\/?post_type=product&#038;p=2509"},"modified":"2021-03-10T13:03:59","modified_gmt":"2021-03-10T13:03:59","slug":"drb0115","status":"publish","type":"product","link":"https:\/\/www.abiko.com\/sv\/produkt\/drb0115\/","title":{"rendered":"KRB0560"},"content":{"rendered":"<p>Pressverktyg f\u00f6r rullkrimpning av oisolerade f\u00f6rbindningar.<br \/>\nand sockets<\/p>\n<p>Pressomr\u00e5de 0,5 - 6,0 mm\u00b2 (AWG 20 - 10)<\/p>\n<p>Egenskaper<\/p>\n<ul>\n<li>backuttagen \u00e4r tydligt m\u00e4rkta<\/li>\n<li>justerbar f\u00f6rsp\u00e4nning f\u00f6r \u00f6kad livsl\u00e4ngd<\/li>\n<li>sp\u00e4rrfunktion som garanterar en fullgjord pressning<\/li>\n<li>n\u00f6dutl\u00f6sning om pressf\u00f6rloppet m\u00e5ste avbrytas<\/li>\n<li>anv\u00e4ndarv\u00e4nlig med ergonomiskt handtag<\/li>\n<\/ul>","protected":false},"excerpt":{"rendered":"<p>Pressomr\u00e5de 0,5 - 6,0 mm\u00b2 (AWG 20 - 10)<\/p>","protected":false},"featured_media":2524,"template":"","meta":[],"product_brand":[],"product_cat":[68,139],"product_tag":[],"class_list":{"0":"post-2509","1":"product","2":"type-product","3":"status-publish","4":"has-post-thumbnail","6":"product_cat-crimping-tools","7":"product_cat-for-uninsulated-terminals","9":"first","10":"instock","11":"shipping-taxable","12":"product-type-simple","13":"berocket_lgv_grid","14":"berocket_lgv_list_grid"},"_links":{"self":[{"href":"https:\/\/www.abiko.com\/sv\/wp-json\/wp\/v2\/product\/2509","targetHints":{"allow":["GET"]}}],"collection":[{"href":"https:\/\/www.abiko.com\/sv\/wp-json\/wp\/v2\/product"}],"about":[{"href":"https:\/\/www.abiko.com\/sv\/wp-json\/wp\/v2\/types\/product"}],"wp:featuredmedia":[{"embeddable":true,"href":"https:\/\/www.abiko.com\/sv\/wp-json\/wp\/v2\/media\/2524"}],"wp:attachment":[{"href":"https:\/\/www.abiko.com\/sv\/wp-json\/wp\/v2\/media?parent=2509"}],"wp:term":[{"taxonomy":"product_brand","embeddable":true,"href":"https:\/\/www.abiko.com\/sv\/wp-json\/wp\/v2\/product_brand?post=2509"},{"taxonomy":"product_cat","embeddable":true,"href":"https:\/\/www.abiko.com\/sv\/wp-json\/wp\/v2\/product_cat?post=2509"},{"taxonomy":"product_tag","embeddable":true,"href":"https:\/\/www.abiko.com\/sv\/wp-json\/wp\/v2\/product_tag?post=2509"}],"curies":[{"name":"wp","href":"https:\/\/api.w.org\/{rel}","templated":true}]}}