{"id":2422,"date":"2021-03-10T10:03:29","date_gmt":"2021-03-10T10:03:29","guid":{"rendered":"https:\/\/www.abiko.com\/?post_type=product&#038;p=2422"},"modified":"2021-03-10T10:04:58","modified_gmt":"2021-03-10T10:04:58","slug":"abiko-52","status":"publish","type":"product","link":"https:\/\/www.abiko.com\/sv\/produkt\/abiko-52\/","title":{"rendered":"ABIKO 52"},"content":{"rendered":"<p>Hobbyt\u00e5ng f\u00f6r rullpressning av oisolerade f\u00f6rbindningar 0,5-6 mm\u00b2<\/p>\n<p>Egenskaper<\/p>\n<ul>\n<li>saknar sp\u00e4rrfunktion<\/li>\n<li>backuttagen \u00e4r tydligt m\u00e4rkta<\/li>\n<li>saknar sp\u00e4rrfunktion<\/li>\n<li>klipper upp till 6 mm\u00b2<\/li>\n<li>skalar upp till 6 mm\u00b2<\/li>\n<li>klipper skruvar och bultar M2,5 - M5<\/li>\n<li>vikt 200g<\/li>\n<li>l\u00e4ngd 225 mm<\/li>\n<\/ul>","protected":false},"excerpt":{"rendered":"<p>Roll crimps uninsulated terminals 0.5 &#8211; 6 mm\u00b2 Characteristics: manufactured from high class steel with semi-soft handles die nests are distinctly marked no full closure ratchet cuts up to 6 mm\u00b2 strips up to 6 mm\u00b2 bolt cutter M2.5-M5 weight 200 g length 225 mm<\/p>","protected":false},"featured_media":2416,"template":"","meta":[],"product_brand":[],"product_cat":[68,136],"product_tag":[],"class_list":{"0":"post-2422","1":"product","2":"type-product","3":"status-publish","4":"has-post-thumbnail","6":"product_cat-crimping-tools","7":"product_cat-for-insulated-terminals","9":"first","10":"instock","11":"shipping-taxable","12":"product-type-simple","13":"berocket_lgv_grid","14":"berocket_lgv_list_grid"},"_links":{"self":[{"href":"https:\/\/www.abiko.com\/sv\/wp-json\/wp\/v2\/product\/2422","targetHints":{"allow":["GET"]}}],"collection":[{"href":"https:\/\/www.abiko.com\/sv\/wp-json\/wp\/v2\/product"}],"about":[{"href":"https:\/\/www.abiko.com\/sv\/wp-json\/wp\/v2\/types\/product"}],"wp:featuredmedia":[{"embeddable":true,"href":"https:\/\/www.abiko.com\/sv\/wp-json\/wp\/v2\/media\/2416"}],"wp:attachment":[{"href":"https:\/\/www.abiko.com\/sv\/wp-json\/wp\/v2\/media?parent=2422"}],"wp:term":[{"taxonomy":"product_brand","embeddable":true,"href":"https:\/\/www.abiko.com\/sv\/wp-json\/wp\/v2\/product_brand?post=2422"},{"taxonomy":"product_cat","embeddable":true,"href":"https:\/\/www.abiko.com\/sv\/wp-json\/wp\/v2\/product_cat?post=2422"},{"taxonomy":"product_tag","embeddable":true,"href":"https:\/\/www.abiko.com\/sv\/wp-json\/wp\/v2\/product_tag?post=2422"}],"curies":[{"name":"wp","href":"https:\/\/api.w.org\/{rel}","templated":true}]}}