{"id":2386,"date":"2021-03-10T08:28:31","date_gmt":"2021-03-10T08:28:31","guid":{"rendered":"https:\/\/www.abiko.com\/?post_type=product&#038;p=2386"},"modified":"2022-12-22T12:32:53","modified_gmt":"2022-12-22T12:32:53","slug":"al1000","status":"publish","type":"product","link":"https:\/\/www.abiko.com\/sv\/produkt\/al1000\/","title":{"rendered":"AL1000"},"content":{"rendered":"<p>Sortimentsl\u00e5da f\u00f6r professionell anv\u00e4ndning inom t.ex. verkstad, service och underh\u00e5ll.<\/p>\n<ul>\n<li>29 fack<\/li>\n<li>ca 1000 isolerade f\u00f6rbindningar 0,5 - 6 mm\u00b2<\/li>\n<li>kopplingslister och buntband<\/li>\n<li>pressverktyg KSA0760<\/li>\n<li>kap- och skalverktyg ABIKO 001<\/li>\n<\/ul>","protected":false},"excerpt":{"rendered":"<p>Assortment box designed for electromechanical shops and service departments 29 partitions approx. 1000 pre-insulated terminals 0.5 &#8211; 6 mm\u00b2 connector blocks and cable ties crimping tool KSA0760 stripping and cutting tool ABIKO 001<\/p>","protected":false},"featured_media":337,"template":"","meta":[],"product_brand":[],"product_cat":[59],"product_tag":[],"class_list":{"0":"post-2386","1":"product","2":"type-product","3":"status-publish","4":"has-post-thumbnail","6":"product_cat-assortment-boxes","8":"first","9":"instock","10":"featured","11":"shipping-taxable","12":"product-type-simple","13":"berocket_lgv_grid","14":"berocket_lgv_list_grid"},"_links":{"self":[{"href":"https:\/\/www.abiko.com\/sv\/wp-json\/wp\/v2\/product\/2386","targetHints":{"allow":["GET"]}}],"collection":[{"href":"https:\/\/www.abiko.com\/sv\/wp-json\/wp\/v2\/product"}],"about":[{"href":"https:\/\/www.abiko.com\/sv\/wp-json\/wp\/v2\/types\/product"}],"wp:featuredmedia":[{"embeddable":true,"href":"https:\/\/www.abiko.com\/sv\/wp-json\/wp\/v2\/media\/337"}],"wp:attachment":[{"href":"https:\/\/www.abiko.com\/sv\/wp-json\/wp\/v2\/media?parent=2386"}],"wp:term":[{"taxonomy":"product_brand","embeddable":true,"href":"https:\/\/www.abiko.com\/sv\/wp-json\/wp\/v2\/product_brand?post=2386"},{"taxonomy":"product_cat","embeddable":true,"href":"https:\/\/www.abiko.com\/sv\/wp-json\/wp\/v2\/product_cat?post=2386"},{"taxonomy":"product_tag","embeddable":true,"href":"https:\/\/www.abiko.com\/sv\/wp-json\/wp\/v2\/product_tag?post=2386"}],"curies":[{"name":"wp","href":"https:\/\/api.w.org\/{rel}","templated":true}]}}