{"id":2053,"date":"2021-03-09T14:58:27","date_gmt":"2021-03-09T14:58:27","guid":{"rendered":"https:\/\/www.abiko.com\/?post_type=product&#038;p=2053"},"modified":"2021-03-09T15:00:37","modified_gmt":"2021-03-09T15:00:37","slug":"multiple-tabs-15-25","status":"publish","type":"product","link":"https:\/\/www.abiko.com\/sv\/produkt\/multiple-tabs-15-25\/","title":{"rendered":"Flatstifthylsor med hane 1,5 - 2,5 mm\u00b2"},"content":{"rendered":"<p>Material: M\u00e4ssing, f\u00f6rtent, st\u00f6dhylsa i koppar<\/p>\n<p>Flatstift 6,3 x 0,8 mm<\/p>\n<p>Isolationsmaterial: Nylon (PA), med easy-entry, halogenfri. Ej UL certifierad.<br \/>\nMin temperatur: -20\u00b0C. Max temperatur: 105\u00b0C.<\/p>","protected":false},"excerpt":{"rendered":"<p>Material: Brass, tin plated, support sleeve copper. Tab size 6,3 x 0,8 mm Insulation material: Nylon (PA) with easy-entry, halogen free. Not UL-approved. Min temperature: -20\u00b0C. Max temperature: 105\u00b0C.<\/p>","protected":false},"featured_media":2011,"template":"","meta":[],"product_brand":[],"product_cat":[118,53],"product_tag":[],"class_list":{"0":"post-2053","1":"product","2":"type-product","3":"status-publish","4":"has-post-thumbnail","6":"product_cat-multiple-tabs","7":"product_cat-pre-insulated-terminals","9":"first","10":"instock","11":"shipping-taxable","12":"product-type-variable","13":"berocket_lgv_grid","14":"berocket_lgv_list_grid"},"_links":{"self":[{"href":"https:\/\/www.abiko.com\/sv\/wp-json\/wp\/v2\/product\/2053","targetHints":{"allow":["GET"]}}],"collection":[{"href":"https:\/\/www.abiko.com\/sv\/wp-json\/wp\/v2\/product"}],"about":[{"href":"https:\/\/www.abiko.com\/sv\/wp-json\/wp\/v2\/types\/product"}],"wp:featuredmedia":[{"embeddable":true,"href":"https:\/\/www.abiko.com\/sv\/wp-json\/wp\/v2\/media\/2011"}],"wp:attachment":[{"href":"https:\/\/www.abiko.com\/sv\/wp-json\/wp\/v2\/media?parent=2053"}],"wp:term":[{"taxonomy":"product_brand","embeddable":true,"href":"https:\/\/www.abiko.com\/sv\/wp-json\/wp\/v2\/product_brand?post=2053"},{"taxonomy":"product_cat","embeddable":true,"href":"https:\/\/www.abiko.com\/sv\/wp-json\/wp\/v2\/product_cat?post=2053"},{"taxonomy":"product_tag","embeddable":true,"href":"https:\/\/www.abiko.com\/sv\/wp-json\/wp\/v2\/product_tag?post=2053"}],"curies":[{"name":"wp","href":"https:\/\/api.w.org\/{rel}","templated":true}]}}