{"id":1912,"date":"2021-03-09T14:21:48","date_gmt":"2021-03-09T14:21:48","guid":{"rendered":"https:\/\/www.abiko.com\/?post_type=product&#038;p=1912"},"modified":"2021-03-09T14:25:39","modified_gmt":"2021-03-09T14:25:39","slug":"receptacles-15-25","status":"publish","type":"product","link":"https:\/\/www.abiko.com\/sv\/produkt\/receptacles-15-25\/","title":{"rendered":"Flatstiftshylsor 1,5 - 2,5 mm\u00b2"},"content":{"rendered":"<p>Material: M\u00e4ssing, f\u00f6rtent, st\u00f6dhylsa i koppar<br \/>\nIsolationsmaterial: Nylon (PA), med easy-entry, halogenfri. UL certifierad.<br \/>\nMin temperatur: -20\u00b0C. Max temperatur: 105\u00b0C.<\/p>","protected":false},"excerpt":{"rendered":"<p>Material: Brass, tin plated, support sleeve copper. Insulation material: Nylon (PA) with easy-entry, halogen free. UL-approved. Min temperature: -20\u00b0C. Max temperature: 105\u00b0C.<\/p>","protected":false},"featured_media":1792,"template":"","meta":[],"product_brand":[],"product_cat":[53,115],"product_tag":[],"class_list":{"0":"post-1912","1":"product","2":"type-product","3":"status-publish","4":"has-post-thumbnail","6":"product_cat-pre-insulated-terminals","7":"product_cat-receptacles","9":"first","10":"instock","11":"shipping-taxable","12":"product-type-variable","13":"berocket_lgv_grid","14":"berocket_lgv_list_grid"},"_links":{"self":[{"href":"https:\/\/www.abiko.com\/sv\/wp-json\/wp\/v2\/product\/1912","targetHints":{"allow":["GET"]}}],"collection":[{"href":"https:\/\/www.abiko.com\/sv\/wp-json\/wp\/v2\/product"}],"about":[{"href":"https:\/\/www.abiko.com\/sv\/wp-json\/wp\/v2\/types\/product"}],"wp:featuredmedia":[{"embeddable":true,"href":"https:\/\/www.abiko.com\/sv\/wp-json\/wp\/v2\/media\/1792"}],"wp:attachment":[{"href":"https:\/\/www.abiko.com\/sv\/wp-json\/wp\/v2\/media?parent=1912"}],"wp:term":[{"taxonomy":"product_brand","embeddable":true,"href":"https:\/\/www.abiko.com\/sv\/wp-json\/wp\/v2\/product_brand?post=1912"},{"taxonomy":"product_cat","embeddable":true,"href":"https:\/\/www.abiko.com\/sv\/wp-json\/wp\/v2\/product_cat?post=1912"},{"taxonomy":"product_tag","embeddable":true,"href":"https:\/\/www.abiko.com\/sv\/wp-json\/wp\/v2\/product_tag?post=1912"}],"curies":[{"name":"wp","href":"https:\/\/api.w.org\/{rel}","templated":true}]}}