{"id":1756,"date":"2021-03-09T13:42:19","date_gmt":"2021-03-09T13:42:19","guid":{"rendered":"https:\/\/www.abiko.com\/?post_type=product&#038;p=1756"},"modified":"2021-03-09T14:21:25","modified_gmt":"2021-03-09T14:21:25","slug":"tabs-0-5-15","status":"publish","type":"product","link":"https:\/\/www.abiko.com\/sv\/produkt\/tabs-0-5-15\/","title":{"rendered":"Flatstift 0,5 - 1,5 mm\u00b2"},"content":{"rendered":"<p>Material: M\u00e4ssing, f\u00f6rtent, st\u00f6dhylsa i koppar<\/p>\n<p>Isolationsmaterial: Nylon (PA), med easy-entry, halogenfri. UL certifierad.<br \/>\nMin temperatur: -20\u00b0C. Max temperatur: 105\u00b0C.<\/p>","protected":false},"excerpt":{"rendered":"<p>Material: Brass, tin plated, support sleeve copper. Insulation material: Nylon (PA) with easy-entry, halogen free. UL-approved. Min temperature: -20\u00b0C. Max temperature: 105\u00b0C.<\/p>","protected":false},"featured_media":1723,"template":"","meta":[],"product_brand":[],"product_cat":[53,112],"product_tag":[],"class_list":{"0":"post-1756","1":"product","2":"type-product","3":"status-publish","4":"has-post-thumbnail","6":"product_cat-pre-insulated-terminals","7":"product_cat-tabs","9":"first","10":"instock","11":"shipping-taxable","12":"product-type-variable","13":"berocket_lgv_grid","14":"berocket_lgv_list_grid"},"_links":{"self":[{"href":"https:\/\/www.abiko.com\/sv\/wp-json\/wp\/v2\/product\/1756","targetHints":{"allow":["GET"]}}],"collection":[{"href":"https:\/\/www.abiko.com\/sv\/wp-json\/wp\/v2\/product"}],"about":[{"href":"https:\/\/www.abiko.com\/sv\/wp-json\/wp\/v2\/types\/product"}],"wp:featuredmedia":[{"embeddable":true,"href":"https:\/\/www.abiko.com\/sv\/wp-json\/wp\/v2\/media\/1723"}],"wp:attachment":[{"href":"https:\/\/www.abiko.com\/sv\/wp-json\/wp\/v2\/media?parent=1756"}],"wp:term":[{"taxonomy":"product_brand","embeddable":true,"href":"https:\/\/www.abiko.com\/sv\/wp-json\/wp\/v2\/product_brand?post=1756"},{"taxonomy":"product_cat","embeddable":true,"href":"https:\/\/www.abiko.com\/sv\/wp-json\/wp\/v2\/product_cat?post=1756"},{"taxonomy":"product_tag","embeddable":true,"href":"https:\/\/www.abiko.com\/sv\/wp-json\/wp\/v2\/product_tag?post=1756"}],"curies":[{"name":"wp","href":"https:\/\/api.w.org\/{rel}","templated":true}]}}