{"id":1702,"date":"2021-03-09T13:20:11","date_gmt":"2021-03-09T13:20:11","guid":{"rendered":"https:\/\/www.abiko.com\/?post_type=product&#038;p=1702"},"modified":"2021-03-09T14:21:04","modified_gmt":"2021-03-09T14:21:04","slug":"through-connectors-with-heat-shrink-insulation-0-5-15","status":"publish","type":"product","link":"https:\/\/www.abiko.com\/sv\/produkt\/through-connectors-with-heat-shrink-insulation-0-5-15\/","title":{"rendered":"Skarvhylsor med v\u00e4rmekrympisolering 0,5 - 1,5 mm\u00b2"},"content":{"rendered":"<p>Material: Koppar, f\u00f6rtent, v\u00e4rmekrympisolering med sm\u00e4ltbart lim p\u00e5 insidan.<br \/>\nIsolationsmaterial: Nylon (PA), halogenfri.<\/p>","protected":false},"excerpt":{"rendered":"<p>Material: Cu, tin plated, heat shrink sleeve with melting glue inside. Insulation material: Nylon (PA), no easyentry, halogen free.<\/p>","protected":false},"featured_media":1714,"template":"","meta":[],"product_brand":[],"product_cat":[53,109],"product_tag":[],"class_list":{"0":"post-1702","1":"product","2":"type-product","3":"status-publish","4":"has-post-thumbnail","6":"product_cat-pre-insulated-terminals","7":"product_cat-through-connectors-whs","9":"first","10":"instock","11":"shipping-taxable","12":"product-type-variable","13":"berocket_lgv_grid","14":"berocket_lgv_list_grid"},"_links":{"self":[{"href":"https:\/\/www.abiko.com\/sv\/wp-json\/wp\/v2\/product\/1702","targetHints":{"allow":["GET"]}}],"collection":[{"href":"https:\/\/www.abiko.com\/sv\/wp-json\/wp\/v2\/product"}],"about":[{"href":"https:\/\/www.abiko.com\/sv\/wp-json\/wp\/v2\/types\/product"}],"wp:featuredmedia":[{"embeddable":true,"href":"https:\/\/www.abiko.com\/sv\/wp-json\/wp\/v2\/media\/1714"}],"wp:attachment":[{"href":"https:\/\/www.abiko.com\/sv\/wp-json\/wp\/v2\/media?parent=1702"}],"wp:term":[{"taxonomy":"product_brand","embeddable":true,"href":"https:\/\/www.abiko.com\/sv\/wp-json\/wp\/v2\/product_brand?post=1702"},{"taxonomy":"product_cat","embeddable":true,"href":"https:\/\/www.abiko.com\/sv\/wp-json\/wp\/v2\/product_cat?post=1702"},{"taxonomy":"product_tag","embeddable":true,"href":"https:\/\/www.abiko.com\/sv\/wp-json\/wp\/v2\/product_tag?post=1702"}],"curies":[{"name":"wp","href":"https:\/\/api.w.org\/{rel}","templated":true}]}}