{"id":1219,"date":"2021-03-09T07:25:24","date_gmt":"2021-03-09T07:25:24","guid":{"rendered":"https:\/\/www.abiko.com\/?post_type=product&#038;p=1219"},"modified":"2021-03-09T14:20:07","modified_gmt":"2021-03-09T14:20:07","slug":"fork-terminals-05-15","status":"publish","type":"product","link":"https:\/\/www.abiko.com\/sv\/produkt\/fork-terminals-05-15\/","title":{"rendered":"Gaffelkabelskor 0,5 - 1,5 mm\u00b2"},"content":{"rendered":"<p>Material: Koppar, f\u00f6rtent, h\u00e5rdl\u00f6dd hals<br \/>\nIsolationsmaterial: Nylon (PA), med easy-entry, halogenfri. UL certifierad.<br \/>\nMin temperatur: -20\u00b0C. Max temperatur: 105\u00b0C.<\/p>\n<p>&nbsp;<\/p>","protected":false},"excerpt":{"rendered":"<p>Material: Cu, tin plated, brazed neck. Insulation material: Nylon (PA) with easy-entry, halogen free. UL-approved. Min temperature: -20\u00b0C. Max temperature: 105\u00b0C. &nbsp;<\/p>","protected":false},"featured_media":1261,"template":"","meta":[],"product_brand":[],"product_cat":[97,53],"product_tag":[95,89,92],"class_list":{"0":"post-1219","1":"product","2":"type-product","3":"status-publish","4":"has-post-thumbnail","6":"product_cat-fork-terminals","7":"product_cat-pre-insulated-terminals","8":"product_tag-pre-insulated","9":"product_tag-ring","10":"product_tag-termina","12":"first","13":"instock","14":"shipping-taxable","15":"product-type-variable","16":"berocket_lgv_grid","17":"berocket_lgv_list_grid"},"_links":{"self":[{"href":"https:\/\/www.abiko.com\/sv\/wp-json\/wp\/v2\/product\/1219","targetHints":{"allow":["GET"]}}],"collection":[{"href":"https:\/\/www.abiko.com\/sv\/wp-json\/wp\/v2\/product"}],"about":[{"href":"https:\/\/www.abiko.com\/sv\/wp-json\/wp\/v2\/types\/product"}],"wp:featuredmedia":[{"embeddable":true,"href":"https:\/\/www.abiko.com\/sv\/wp-json\/wp\/v2\/media\/1261"}],"wp:attachment":[{"href":"https:\/\/www.abiko.com\/sv\/wp-json\/wp\/v2\/media?parent=1219"}],"wp:term":[{"taxonomy":"product_brand","embeddable":true,"href":"https:\/\/www.abiko.com\/sv\/wp-json\/wp\/v2\/product_brand?post=1219"},{"taxonomy":"product_cat","embeddable":true,"href":"https:\/\/www.abiko.com\/sv\/wp-json\/wp\/v2\/product_cat?post=1219"},{"taxonomy":"product_tag","embeddable":true,"href":"https:\/\/www.abiko.com\/sv\/wp-json\/wp\/v2\/product_tag?post=1219"}],"curies":[{"name":"wp","href":"https:\/\/api.w.org\/{rel}","templated":true}]}}